{"id":2106,"date":"2021-11-17T10:40:24","date_gmt":"2021-11-17T09:40:24","guid":{"rendered":"http:\/\/mygarnett.com\/slo\/?post_type=product&#038;p=2106"},"modified":"2022-03-17T16:20:38","modified_gmt":"2022-03-17T15:20:38","slug":"boston","status":"publish","type":"product","link":"https:\/\/mygarnett.com\/slo\/izdelek\/boston\/","title":{"rendered":"Boston"},"content":{"rendered":"<p>Imate klasi\u010den, eleganten ali \u0161portni stil obla\u010denja? Izberite poljuben pa\u0161\u010dek iz na\u0161e ponudbe luksuznih jeklenih nerjave\u010dih pa\u0161\u010dkov, da se bo va\u0161a ura popolnoma prilegala va\u0161emu videzu. Ta luksuzni nerjave\u010di jekleni pa\u0161\u010dek v mornarsko modri barvi je primeren za vse ure s pasovno povezavo 18 mm. Pa\u0161\u010dek za uro lahko preprosto zamenjajte doma.<\/p>\n<p><strong>\u0160IFRA:<\/strong> SB-BOS18B<br \/>\n<strong>MATERIAL:<\/strong> Nerjave\u010de jeklo<br \/>\n<strong>BARVA PA\u0160\u010cKA:<\/strong> Mornarsko modra<br \/>\n<strong>\u0160IRINA PA\u0160\u010cKA:<\/strong> 18 mm<br \/>\n<strong>BARVA ZAPONKE:<\/strong> Mornarsko modra<\/p>\n","protected":false},"excerpt":{"rendered":"<p>Imate klasi\u010den, eleganten ali \u0161portni stil obla\u010denja? Izberite poljuben pa\u0161\u010dek iz na\u0161e ponudbe luksuznih jeklenih nerjave\u010dih pa\u0161\u010dkov, da se bo va\u0161a ura popolnoma prilegala va\u0161emu videzu. Ta luksuzni nerjave\u010di jekleni pa\u0161\u010dek v mornarsko modri barvi je primeren za vse ure s pasovno povezavo 18 mm. Pa\u0161\u010dek za uro lahko preprosto zamenjajte doma. \u0160IFRA: SB-BOS18B MATERIAL: [&hellip;]<\/p>\n","protected":false},"featured_media":2107,"comment_status":"open","ping_status":"closed","template":"","meta":[],"product_cat":[96],"product_tag":[],"_links":{"self":[{"href":"https:\/\/mygarnett.com\/slo\/wp-json\/wp\/v2\/product\/2106"}],"collection":[{"href":"https:\/\/mygarnett.com\/slo\/wp-json\/wp\/v2\/product"}],"about":[{"href":"https:\/\/mygarnett.com\/slo\/wp-json\/wp\/v2\/types\/product"}],"replies":[{"embeddable":true,"href":"https:\/\/mygarnett.com\/slo\/wp-json\/wp\/v2\/comments?post=2106"}],"wp:featuredmedia":[{"embeddable":true,"href":"https:\/\/mygarnett.com\/slo\/wp-json\/wp\/v2\/media\/2107"}],"wp:attachment":[{"href":"https:\/\/mygarnett.com\/slo\/wp-json\/wp\/v2\/media?parent=2106"}],"wp:term":[{"taxonomy":"product_cat","embeddable":true,"href":"https:\/\/mygarnett.com\/slo\/wp-json\/wp\/v2\/product_cat?post=2106"},{"taxonomy":"product_tag","embeddable":true,"href":"https:\/\/mygarnett.com\/slo\/wp-json\/wp\/v2\/product_tag?post=2106"}],"curies":[{"name":"wp","href":"https:\/\/api.w.org\/{rel}","templated":true}]}}