{"id":2097,"date":"2021-11-17T10:20:21","date_gmt":"2021-11-17T09:20:21","guid":{"rendered":"http:\/\/mygarnett.com\/slo\/?post_type=product&#038;p=2097"},"modified":"2021-12-01T23:11:18","modified_gmt":"2021-12-01T22:11:18","slug":"new-york-rose","status":"publish","type":"product","link":"https:\/\/mygarnett.com\/slo\/izdelek\/new-york-rose\/","title":{"rendered":"New York Rose"},"content":{"rendered":"<p>Imate klasi\u010den, eleganten ali \u0161portni stil obla\u010denja? Izberite poljuben pa\u0161\u010dek iz na\u0161e pestre ponudbe usnjenih pa\u0161\u010dkov, da se bo va\u0161a ura popolnoma prilegala va\u0161emu videzu. Na\u0161i usnjeni pa\u0161\u010dki so sestavljeni izklju\u010dno iz vrhunskega nem\u0161kega usnja, ki so bili rastlinsko strojeni in so zato \u0161e posebej okolju prijazni. Ta usnjen pa\u0161\u010dek v biserno beli barvi je primeren za vse ure s pasovno povezavo 18 mm. Pa\u0161\u010dek za uro lahko preprosto zamenjajte doma.<\/p>\n<p><strong>\u0160IFRA:<\/strong> SB-NY18R<br \/>\n<strong>MATERIAL:<\/strong> Pravo nem\u0161ko usnje<br \/>\n<strong>BARVA PA\u0160\u010cKA:<\/strong> Biserno bela<br \/>\n<strong>\u0160IRINA PA\u0160\u010cKA:<\/strong> 18 mm<br \/>\n<strong>BARVA ZAPONKE:<\/strong> Ro\u017enato zlata<\/p>\n","protected":false},"excerpt":{"rendered":"<p>Imate klasi\u010den, eleganten ali \u0161portni stil obla\u010denja? Izberite poljuben pa\u0161\u010dek iz na\u0161e pestre ponudbe usnjenih pa\u0161\u010dkov, da se bo va\u0161a ura popolnoma prilegala va\u0161emu videzu. Na\u0161i usnjeni pa\u0161\u010dki so sestavljeni izklju\u010dno iz vrhunskega nem\u0161kega usnja, ki so bili rastlinsko strojeni in so zato \u0161e posebej okolju prijazni. Ta usnjen pa\u0161\u010dek v biserno beli barvi je [&hellip;]<\/p>\n","protected":false},"featured_media":2098,"comment_status":"open","ping_status":"closed","template":"","meta":[],"product_cat":[96],"product_tag":[],"_links":{"self":[{"href":"https:\/\/mygarnett.com\/slo\/wp-json\/wp\/v2\/product\/2097"}],"collection":[{"href":"https:\/\/mygarnett.com\/slo\/wp-json\/wp\/v2\/product"}],"about":[{"href":"https:\/\/mygarnett.com\/slo\/wp-json\/wp\/v2\/types\/product"}],"replies":[{"embeddable":true,"href":"https:\/\/mygarnett.com\/slo\/wp-json\/wp\/v2\/comments?post=2097"}],"wp:featuredmedia":[{"embeddable":true,"href":"https:\/\/mygarnett.com\/slo\/wp-json\/wp\/v2\/media\/2098"}],"wp:attachment":[{"href":"https:\/\/mygarnett.com\/slo\/wp-json\/wp\/v2\/media?parent=2097"}],"wp:term":[{"taxonomy":"product_cat","embeddable":true,"href":"https:\/\/mygarnett.com\/slo\/wp-json\/wp\/v2\/product_cat?post=2097"},{"taxonomy":"product_tag","embeddable":true,"href":"https:\/\/mygarnett.com\/slo\/wp-json\/wp\/v2\/product_tag?post=2097"}],"curies":[{"name":"wp","href":"https:\/\/api.w.org\/{rel}","templated":true}]}}