{"id":2094,"date":"2021-11-17T10:10:20","date_gmt":"2021-11-17T09:10:20","guid":{"rendered":"http:\/\/mygarnett.com\/slo\/?post_type=product&#038;p=2094"},"modified":"2021-12-01T23:11:17","modified_gmt":"2021-12-01T22:11:17","slug":"verona-silver","status":"publish","type":"product","link":"https:\/\/mygarnett.com\/slo\/izdelek\/verona-silver\/","title":{"rendered":"Verona Silver"},"content":{"rendered":"<p>Imate klasi\u010den, eleganten ali \u0161portni stil obla\u010denja? Izberite poljuben pa\u0161\u010dek iz na\u0161e pestre ponudbe usnjenih pa\u0161\u010dkov, da se bo va\u0161a ura popolnoma prilegala va\u0161emu videzu. Na\u0161i usnjeni pa\u0161\u010dki so sestavljeni izklju\u010dno iz vrhunskega nem\u0161kega usnja, ki so bili rastlinsko strojeni in so zato \u0161e posebej okolju prijazni. Ta usnjen pa\u0161\u010dek v ro\u017enati barvi je primeren za vse ure s pasovno povezavo 18 mm. Pa\u0161\u010dek za uro lahko preprosto zamenjajte doma.<\/p>\n<p><strong>\u0160IFRA:<\/strong> SB-VRN18S<br \/>\n<strong>MATERIAL:<\/strong> Pravo nem\u0161ko usnje<br \/>\n<strong>BARVA PA\u0160\u010cKA:<\/strong> Ro\u017enata<br \/>\n<strong>\u0160IRINA PA\u0160\u010cKA:<\/strong> 18 mm<br \/>\n<strong>BARVA ZAPONKE:<\/strong> Srebrna<\/p>\n","protected":false},"excerpt":{"rendered":"<p>Imate klasi\u010den, eleganten ali \u0161portni stil obla\u010denja? Izberite poljuben pa\u0161\u010dek iz na\u0161e pestre ponudbe usnjenih pa\u0161\u010dkov, da se bo va\u0161a ura popolnoma prilegala va\u0161emu videzu. Na\u0161i usnjeni pa\u0161\u010dki so sestavljeni izklju\u010dno iz vrhunskega nem\u0161kega usnja, ki so bili rastlinsko strojeni in so zato \u0161e posebej okolju prijazni. Ta usnjen pa\u0161\u010dek v ro\u017enati barvi je primeren [&hellip;]<\/p>\n","protected":false},"featured_media":2095,"comment_status":"open","ping_status":"closed","template":"","meta":[],"product_cat":[96],"product_tag":[],"_links":{"self":[{"href":"https:\/\/mygarnett.com\/slo\/wp-json\/wp\/v2\/product\/2094"}],"collection":[{"href":"https:\/\/mygarnett.com\/slo\/wp-json\/wp\/v2\/product"}],"about":[{"href":"https:\/\/mygarnett.com\/slo\/wp-json\/wp\/v2\/types\/product"}],"replies":[{"embeddable":true,"href":"https:\/\/mygarnett.com\/slo\/wp-json\/wp\/v2\/comments?post=2094"}],"wp:featuredmedia":[{"embeddable":true,"href":"https:\/\/mygarnett.com\/slo\/wp-json\/wp\/v2\/media\/2095"}],"wp:attachment":[{"href":"https:\/\/mygarnett.com\/slo\/wp-json\/wp\/v2\/media?parent=2094"}],"wp:term":[{"taxonomy":"product_cat","embeddable":true,"href":"https:\/\/mygarnett.com\/slo\/wp-json\/wp\/v2\/product_cat?post=2094"},{"taxonomy":"product_tag","embeddable":true,"href":"https:\/\/mygarnett.com\/slo\/wp-json\/wp\/v2\/product_tag?post=2094"}],"curies":[{"name":"wp","href":"https:\/\/api.w.org\/{rel}","templated":true}]}}