{"id":1966,"date":"2021-11-17T13:00:00","date_gmt":"2021-11-17T12:00:00","guid":{"rendered":"http:\/\/mygarnett.com\/slo\/?post_type=product&#038;p=1966"},"modified":"2022-12-07T09:50:20","modified_gmt":"2022-12-07T08:50:20","slug":"amelie-rose-madrid","status":"publish","type":"product","link":"https:\/\/mygarnett.com\/slo\/izdelek\/amelie-rose-madrid\/","title":{"rendered":"Amelie Rose Madrid"},"content":{"rendered":"<p>[vc_row][vc_column width=&#8221;1\/2&#8243;]<div class=\"porto-feature-box wpb_content_element  feature-bottom-margin m-b-md\"><div class=\"feature-box feature-box-style-2\"><div class=\"feature-box-icon\"><i class=\"icon-image\" style=\"font-size:14px\"><img alt=\"\" src=\"\/\/mygarnett.com\/slo\/wp-content\/uploads\/2021\/06\/kristali-1.png\"><\/i><\/div><div class=\"feature-box-info\">[vc_custom_heading text=&#8221;Safirno kristalno steklo, odporno proti praskam&#8221; font_container=&#8221;tag:h6|text_align:left&#8221; use_theme_fonts=&#8221;yes&#8221; css=&#8221;.vc_custom_1622582116352{margin-bottom: 0px !important;padding-top: 10px !important;padding-left: 10px !important;}&#8221;]<\/div><\/div><\/div><div class=\"porto-feature-box wpb_content_element  feature-bottom-margin m-b-md\"><div class=\"feature-box feature-box-style-2\"><div class=\"feature-box-icon\"><i class=\"icon-image\" style=\"font-size:14px\"><img alt=\"\" src=\"\/\/mygarnett.com\/slo\/wp-content\/uploads\/2021\/06\/safir-1.png\"><\/i><\/div><div class=\"feature-box-info\">[vc_custom_heading text=&#8221;Kristali Swarovski &#8221; font_container=&#8221;tag:h6|text_align:left&#8221; use_theme_fonts=&#8221;yes&#8221; css=&#8221;.vc_custom_1622582199649{padding-top: 10px !important;padding-left: 10px !important;}&#8221;]<\/div><\/div><\/div>[\/vc_column][vc_column width=&#8221;1\/2&#8243;]<div class=\"porto-feature-box wpb_content_element  feature-bottom-margin m-b-md\"><div class=\"feature-box feature-box-style-2\"><div class=\"feature-box-icon\"><i class=\"icon-image\" style=\"font-size:14px\"><img alt=\"\" src=\"\/\/mygarnett.com\/slo\/wp-content\/uploads\/2021\/06\/movement.png\"><\/i><\/div><div class=\"feature-box-info\">[vc_custom_heading text=&#8221;Japonski kvar\u010dni mehanizem Miyota &#8221; font_container=&#8221;tag:h6|text_align:left&#8221; use_theme_fonts=&#8221;yes&#8221; css=&#8221;.vc_custom_1622582213658{padding-top: 10px !important;padding-left: 10px !important;}&#8221; el_class=&#8221;m-b-md&#8221;]<\/div><\/div><\/div><div class=\"porto-feature-box wpb_content_element  feature-bottom-margin m-b-md\"><div class=\"feature-box feature-box-style-2\"><div class=\"feature-box-icon\"><i class=\"icon-image\" style=\"font-size:14px\"><img alt=\"\" src=\"\/\/mygarnett.com\/slo\/wp-content\/uploads\/2021\/06\/watter.png\"><\/i><\/div><div class=\"feature-box-info\">[vc_custom_heading text=&#8221;Vodoodpornost 5 ATM&#8221; font_container=&#8221;tag:h6|text_align:left&#8221; use_theme_fonts=&#8221;yes&#8221; css=&#8221;.vc_custom_1622582241692{padding-top: 10px !important;padding-left: 10px !important;}&#8221; el_class=&#8221;m-b-md&#8221;]<\/div><\/div><\/div>[\/vc_column][\/vc_row]<\/p>\n<p>Sodobna in minimalisti\u010dna ura Amelie s preprosto dizajnirano belo \u0161tevil\u010dnico je odli\u010den dodatek za vsako prilo\u017enost elegantne in sodobne \u017eenske.<br \/>\nVgrajeno 38 mm ohi\u0161je je izdelano iz nerjave\u010dega jekla s safirnim kristalnim steklom, odpornim na praske, kristali Swarovski pa elegantno zaokro\u017eijo preprost \u017eenstven videz.<br \/>\nBodite v slogu svojega \u010dasa in dajte svojemu karakterju odlo\u010den izraz.<\/p>\n<p><strong>\u0160IFRA:<\/strong> AML-RW38-MAD18R<br \/>\n<strong>OHI\u0160JE:<\/strong> Ro\u017enato zlato iz poliranega nerjave\u010dega jekla 316L<br \/>\n<strong>\u0160TEVIL\u010cNICA:<\/strong> Bela<br \/>\n<strong>VELIKOST:<\/strong> 38 mm<br \/>\n<strong>PASEK:<\/strong> Madrid<br \/>\n<strong>\u0160IRINA PASKA:<\/strong> 18 mm<\/p>\n","protected":false},"excerpt":{"rendered":"<p>[vc_row][vc_column width=&#8221;1\/2&#8243;][\/vc_column][vc_column width=&#8221;1\/2&#8243;][\/vc_column][\/vc_row] Sodobna in minimalisti\u010dna ura Amelie s preprosto dizajnirano belo \u0161tevil\u010dnico je odli\u010den dodatek za vsako prilo\u017enost elegantne in sodobne \u017eenske. Vgrajeno 38 mm ohi\u0161je je izdelano iz nerjave\u010dega jekla s safirnim kristalnim steklom, odpornim na praske, kristali Swarovski pa elegantno zaokro\u017eijo preprost \u017eenstven videz. Bodite v slogu svojega \u010dasa in dajte svojemu [&hellip;]<\/p>\n","protected":false},"featured_media":1967,"comment_status":"open","ping_status":"closed","template":"","meta":[],"product_cat":[113,94],"product_tag":[],"_links":{"self":[{"href":"https:\/\/mygarnett.com\/slo\/wp-json\/wp\/v2\/product\/1966"}],"collection":[{"href":"https:\/\/mygarnett.com\/slo\/wp-json\/wp\/v2\/product"}],"about":[{"href":"https:\/\/mygarnett.com\/slo\/wp-json\/wp\/v2\/types\/product"}],"replies":[{"embeddable":true,"href":"https:\/\/mygarnett.com\/slo\/wp-json\/wp\/v2\/comments?post=1966"}],"wp:featuredmedia":[{"embeddable":true,"href":"https:\/\/mygarnett.com\/slo\/wp-json\/wp\/v2\/media\/1967"}],"wp:attachment":[{"href":"https:\/\/mygarnett.com\/slo\/wp-json\/wp\/v2\/media?parent=1966"}],"wp:term":[{"taxonomy":"product_cat","embeddable":true,"href":"https:\/\/mygarnett.com\/slo\/wp-json\/wp\/v2\/product_cat?post=1966"},{"taxonomy":"product_tag","embeddable":true,"href":"https:\/\/mygarnett.com\/slo\/wp-json\/wp\/v2\/product_tag?post=1966"}],"curies":[{"name":"wp","href":"https:\/\/api.w.org\/{rel}","templated":true}]}}