{"id":1919,"date":"2021-06-01T17:38:45","date_gmt":"2021-06-01T15:38:45","guid":{"rendered":"http:\/\/mygarnett.com\/slo\/?page_id=1919"},"modified":"2021-08-11T21:28:12","modified_gmt":"2021-08-11T19:28:12","slug":"zgodba","status":"publish","type":"page","link":"https:\/\/mygarnett.com\/slo\/zgodba\/","title":{"rendered":"Zgodba"},"content":{"rendered":"<p>[vc_row wrap_container=&#8221;yes&#8221; css=&#8221;.vc_custom_1518508327706{margin-bottom: 30px !important;padding-top: 50px !important;}&#8221;][vc_column offset=&#8221;vc_col-md-offset-2 vc_col-md-8 vc_col-sm-offset-1&#8243;][vc_empty_space height=&#8221;65px&#8221;][vc_custom_heading text=&#8221;ZGODBA&#8221; font_container=&#8221;tag:h1|font_size:30px|text_align:center|color:%23000000&#8243; use_theme_fonts=&#8221;yes&#8221;][\/vc_column][\/vc_row][vc_row content_placement=&#8221;middle&#8221;][vc_column width=&#8221;1\/6&#8243;][\/vc_column][vc_column width=&#8221;2\/6&#8243;][vc_custom_heading text=&#8221;ANJA KOLENC, PROFESIONALNA VIZA\u017dISTKA&#8221; font_container=&#8221;tag:h2|font_size:30px|text_align:left|color:%23000000|line_height:35px&#8221; use_theme_fonts=&#8221;yes&#8221;][vc_wp_text]Sem Anja Kolenc in sem profesionalna viza\u017eistka. Ljubezen do li\u010denja se je pokazala \u017ee od malih nog, svoje znanje pa sem skozi leta nadgrajevala tako pri nas kot v tujini. Inspiracijo \u010drpam iz \u017eivih barv, narave, geometrije&#8230; Poleg mo\u010dnih in vpadajo\u010dih barv in posebnih linij pri li\u010denju, obo\u017eujem tudi lep in eleganten videz makeupa.[\/vc_wp_text][\/vc_column][vc_column width=&#8221;2\/6&#8243;][vc_single_image image=&#8221;1922&#8243; img_size=&#8221;full&#8221; alignment=&#8221;center&#8221;][\/vc_column][vc_column width=&#8221;1\/6&#8243;][\/vc_column][\/vc_row][vc_row content_placement=&#8221;middle&#8221;][vc_column width=&#8221;1\/6&#8243;][\/vc_column][vc_column width=&#8221;2\/6&#8243;][vc_single_image image=&#8221;1929&#8243; img_size=&#8221;full&#8221; alignment=&#8221;center&#8221;][\/vc_column][vc_column width=&#8221;2\/6&#8243;][vc_wp_text]Prav zato so mi v\u0161e\u010d ure modne znamke Garnett, saj imajo dovr\u0161en in eleganten videz. Izbrala sem si dve uri, prvo v zlato roza barv, ki se \u010dudovito poda prav k vsakem modnem makeupu in stilu, ter modro uro, ki me spremlja v brezskrbnih poletnih dneh.[\/vc_wp_text][\/vc_column][vc_column width=&#8221;1\/6&#8243;][\/vc_column][\/vc_row][vc_row content_placement=&#8221;middle&#8221;][vc_column width=&#8221;1\/6&#8243;][\/vc_column][vc_column width=&#8221;2\/6&#8243;][vc_custom_heading text=&#8221;NATALIJA RADI\u010c, OPERNA PEVKA&#8221; font_container=&#8221;tag:h2|font_size:30px|text_align:left|color:%23000000|line_height:35px&#8221; use_theme_fonts=&#8221;yes&#8221;][vc_wp_text]Glasba je moje \u017eivljenje! Ljubezen do glasbe gojim \u017ee od malih nog, k uresni\u010ditvi svojih sanj, da postanem profesionalna pevka, pa so pripomogli profesorji in mentor na Akademiji za glasbo, katero sem obiskovala, ter tako zaklju\u010dila smer solo petja. Prostor v katerem resni\u010dno za\u017eivim je oder, s klavirjem in orkestrom ter na ta na\u010din prena\u0161am svoje ob\u010dutke preko glasbe na ob\u010dinstvo.[\/vc_wp_text][\/vc_column][vc_column width=&#8221;2\/6&#8243;][vc_single_image image=&#8221;1931&#8243; img_size=&#8221;full&#8221; alignment=&#8221;center&#8221;][\/vc_column][vc_column width=&#8221;1\/6&#8243;][\/vc_column][\/vc_row][vc_row content_placement=&#8221;middle&#8221;][vc_column width=&#8221;1\/6&#8243;][\/vc_column][vc_column width=&#8221;2\/6&#8243;][vc_single_image image=&#8221;1930&#8243; img_size=&#8221;full&#8221; alignment=&#8221;center&#8221;][\/vc_column][vc_column width=&#8221;2\/6&#8243;][vc_wp_text]Seveda pa zelo rada prena\u0161am svojo ljubezen do glasbe na mlado generacijo pevcev, ter jih s ponosom spremljam pri njihovem razvoju in uspehih. Poleg glasbe sem ljubiteljica vsega lepega, rada se lepo uredim, pri tem pa mi pomagajo modni dodatki, kot je \u010dudovita ura znamke Garnett, tako v vsakodnevnem \u017eivljenju ali na odru poskrbi za eleganten moj eleganten videz.[\/vc_wp_text][\/vc_column][vc_column width=&#8221;1\/6&#8243;][\/vc_column][\/vc_row]<\/p>\n","protected":false},"excerpt":{"rendered":"<p>[vc_row wrap_container=&#8221;yes&#8221; css=&#8221;.vc_custom_1518508327706{margin-bottom: 30px !important;padding-top: 50px !important;}&#8221;][vc_column offset=&#8221;vc_col-md-offset-2 vc_col-md-8 vc_col-sm-offset-1&#8243;][vc_empty_space height=&#8221;65px&#8221;][vc_custom_heading text=&#8221;ZGODBA&#8221; font_container=&#8221;tag:h1|font_size:30px|text_align:center|color:%23000000&#8243; use_theme_fonts=&#8221;yes&#8221;][\/vc_column][\/vc_row][vc_row content_placement=&#8221;middle&#8221;][vc_column width=&#8221;1\/6&#8243;][\/vc_column][vc_column width=&#8221;2\/6&#8243;][vc_custom_heading text=&#8221;ANJA KOLENC, PROFESIONALNA VIZA\u017dISTKA&#8221; font_container=&#8221;tag:h2|font_size:30px|text_align:left|color:%23000000|line_height:35px&#8221; use_theme_fonts=&#8221;yes&#8221;][vc_wp_text]Sem Anja Kolenc in sem profesionalna viza\u017eistka. Ljubezen do li\u010denja se je pokazala \u017ee od malih nog, svoje znanje pa sem skozi leta nadgrajevala tako pri nas kot v tujini. Inspiracijo \u010drpam iz [&hellip;]<\/p>\n","protected":false},"author":1,"featured_media":0,"parent":0,"menu_order":0,"comment_status":"closed","ping_status":"closed","template":"","meta":[],"_links":{"self":[{"href":"https:\/\/mygarnett.com\/slo\/wp-json\/wp\/v2\/pages\/1919"}],"collection":[{"href":"https:\/\/mygarnett.com\/slo\/wp-json\/wp\/v2\/pages"}],"about":[{"href":"https:\/\/mygarnett.com\/slo\/wp-json\/wp\/v2\/types\/page"}],"author":[{"embeddable":true,"href":"https:\/\/mygarnett.com\/slo\/wp-json\/wp\/v2\/users\/1"}],"replies":[{"embeddable":true,"href":"https:\/\/mygarnett.com\/slo\/wp-json\/wp\/v2\/comments?post=1919"}],"version-history":[{"count":22,"href":"https:\/\/mygarnett.com\/slo\/wp-json\/wp\/v2\/pages\/1919\/revisions"}],"predecessor-version":[{"id":2376,"href":"https:\/\/mygarnett.com\/slo\/wp-json\/wp\/v2\/pages\/1919\/revisions\/2376"}],"wp:attachment":[{"href":"https:\/\/mygarnett.com\/slo\/wp-json\/wp\/v2\/media?parent=1919"}],"curies":[{"name":"wp","href":"https:\/\/api.w.org\/{rel}","templated":true}]}}